{"id":3848,"date":"2021-07-12T10:45:05","date_gmt":"2021-07-12T10:45:05","guid":{"rendered":"https:\/\/gufalaw.com\/?page_id=3848"},"modified":"2024-09-13T19:39:02","modified_gmt":"2024-09-13T19:39:02","slug":"julio-pohl-garcia-prieto","status":"publish","type":"page","link":"https:\/\/gufalaw.com\/es\/team\/julio-pohl-garcia-prieto\/","title":{"rendered":"Julio Pohl Garc\u00eda-Prieto"},"content":{"rendered":"<p><section id=\"bt_bb_section69f0cc8980044\" class=\"bt_bb_section bt_bb_layout_boxed_1200 bt_bb_vertical_align_top bt_bb_top_spacing_large bt_bb_bottom_spacing_large\"  data-bt-override-class=\"null\"><div class=\"bt_bb_background_image_holder_wrapper\"><div class=\"bt_bb_background_image_holder btLazyLoadBackground bt_bb_parallax lazyload\"  data-background_image_src=\"https:\/\/gufalaw.com\/wp-content\/uploads\/2019\/10\/hero_about_me.jpg?wsr\" data-parallax=\"0.7\" data-parallax-offset=\"0\" data-parallax-zoom-start=\"1\" data-parallax-zoom-end=\"1\" data-parallax-blur-start=\"0\" data-parallax-blur-end=\"0\" data-parallax-opacity-start=\"1\" data-parallax-opacity-end=\"1\" style=\" background-image:inherit;\" data-bg-image=\"url(&#039;https:\/\/gufalaw.com\/wp-content\/plugins\/bold-page-builder\/img\/blank.gif&#039;)\"><\/div><\/div><div class=\"bt_bb_port\"><div class=\"bt_bb_cell\"><div class=\"bt_bb_cell_inner\"><div class=\"bt_bb_row \"  data-bt-override-class=\"{}\"><div class=\"bt_bb_row_holder\" ><div  class=\"bt_bb_column col-xl-12 bt_bb_align_center bt_bb_padding_normal\"  data-width=\"12\" data-bt-override-class=\"{}\"><div class=\"bt_bb_column_content bt_bb_vertical_align_top bt_bb_color_scheme_\"><div class=\"bt_bb_column_content_inner\"><div class=\"bt_bb_separator bt_bb_border_style_none bt_bb_top_spacing_normal bt_bb_bottom_spacing_medium bt_bb_hidden_xs bt_bb_hidden_ms bt_bb_hidden_sm\" data-bt-override-class=\"null\"><\/div><header class=\"bt_bb_headline bt_bb_color_scheme_1 bt_bb_dash_none bt_bb_size_extralarge bt_bb_align_inherit\" style=\"; --primary-color:#ffffff; --secondary-color:#191919;\" data-bt-override-class=\"{&quot;bt_bb_align_&quot;:{&quot;current_class&quot;:&quot;bt_bb_align_inherit&quot;,&quot;def&quot;:&quot;inherit&quot;,&quot;xl&quot;:&quot;inherit&quot;}}\"><h3 class=\"bt_bb_headline_tag\"><span class=\"bt_bb_headline_content\"><span>Acerca de<\/span><\/span><\/h3><\/header><div class=\"bt_bb_separator bt_bb_border_style_none bt_bb_bottom_spacing_large bt_bb_hidden_xs bt_bb_hidden_ms bt_bb_hidden_sm\" data-bt-override-class=\"null\"><\/div><\/div><\/div><\/div><\/div><\/div><\/div><!-- cell_inner --><\/div><!-- cell --><\/div><!-- port --><\/section><section id=\"bt_bb_section69f0cc8980711\" class=\"bt_bb_section bt_bb_layout_wide bt_bb_vertical_align_top bt_bb_negative_margin_large\"  data-bt-override-class=\"null\"><div class=\"bt_bb_port\"><div class=\"bt_bb_cell\"><div class=\"bt_bb_cell_inner\"><div class=\"bt_bb_row  bt_bb_layout_special btOverlapRight\"  data-bt-override-class=\"{}\"><div class=\"bt_bb_row_holder\" ><div  class=\"bt_bb_column col-xl-6 bt_bb_align_left bt_bb_padding_normal\"  data-width=\"6\" data-bt-override-class=\"{&quot;bt_bb_align_&quot;:{&quot;current_class&quot;:&quot;bt_bb_align_left&quot;,&quot;def&quot;:&quot;left&quot;,&quot;xl&quot;:&quot;left&quot;}}\"><div class=\"bt_bb_column_content bt_bb_vertical_align_top bt_bb_color_scheme_ bt_bb_column_background_image lazyload\" style=\"background-image:inherit;\" data-bg-image=\"url(&#039;https:\/\/gufalaw.com\/wp-content\/uploads\/2021\/08\/Julio.jpg?wsr&#039;)\"><div class=\"bt_bb_column_content_inner\"><div class=\"bt_bb_separator bt_bb_border_style_none bt_bb_bottom_spacing_extra_large\" data-bt-override-class=\"null\"><\/div><\/div><\/div><\/div><div  class=\"bt_bb_column col-xl-6 btWithIcon bt_bb_align_left bt_bb_icon_color_scheme_6 bt_bb_padding_normal\" style=\"; --column-icon-primary-color:#ffffff; --column-icon-secondary-color:#B07C4B;\" data-width=\"6\" data-bt-override-class=\"{}\"><div class=\"bt_bb_column_content bt_bb_vertical_align_top bt_bb_color_scheme_\"><div class=\"bt_bb_column_icon\"><span  data-ico-icon7stroke=\"&#xe68f;\" class=\"bt_bb_icon_holder\"><\/span><\/div><div class=\"bt_bb_column_content_inner\"><header class=\"bt_bb_headline bt_bb_color_scheme_14 bt_bb_dash_none bt_bb_size_normal bt_bb_align_inherit\" style=\"; --primary-color:; --secondary-color:#B07C4B;\" data-bt-override-class=\"{&quot;bt_bb_align_&quot;:{&quot;current_class&quot;:&quot;bt_bb_align_inherit&quot;,&quot;def&quot;:&quot;inherit&quot;,&quot;xl&quot;:&quot;inherit&quot;}}\"><h3 class=\"bt_bb_headline_tag\"><span class=\"bt_bb_headline_content\"><span>Julio Pohl Garc\u00eda-Prieto<\/span><\/span><\/h3><\/header><div class=\"bt_bb_separator bt_bb_border_style_none bt_bb_bottom_spacing_small\" data-bt-override-class=\"null\"><\/div><header class=\"bt_bb_headline bt_bb_color_scheme_5 bt_bb_dash_none bt_bb_superheadline bt_bb_size_normal bt_bb_align_inherit btNoHeadline bt_bb_hidden_xs bt_bb_hidden_ms bt_bb_hidden_sm bt_bb_hidden_md bt_bb_hidden_lg\" style=\"; --primary-color:#191919; --secondary-color:#B07C4B;\" data-bt-override-class=\"{&quot;bt_bb_align_&quot;:{&quot;current_class&quot;:&quot;bt_bb_align_inherit&quot;,&quot;def&quot;:&quot;inherit&quot;,&quot;xl&quot;:&quot;inherit&quot;}}\"><h4 class=\"bt_bb_headline_tag\"><span class=\"bt_bb_headline_superheadline\">About<\/span><\/h4><\/header><div class=\"bt_bb_separator bt_bb_border_style_solid bt_bb_top_spacing_normal bt_bb_bottom_spacing_normal bt_bb_color_dark\" data-bt-override-class=\"null\"><\/div><div  class=\"bt_bb_text\" ><\/p>\n<p><span style=\"font-weight: 400;\">Julio obtuvo su t\u00edtulo de abogado en 2010 y se uni\u00f3 a nuestro equipo en 2011. Sus principales \u00e1reas de especializaci\u00f3n incluyen contrataci\u00f3n p\u00fablica, asociaciones p\u00fablico-privadas, impuestos y privacidad de datos. Tambi\u00e9n tiene experiencia relevante en derecho farmac\u00e9utico e inmobiliario.<\/span><\/p>\n<p><span style=\"font-weight: 400;\">Ha trabajado con clientes locales e internacionales en el desarrollo de proyectos de infraestructura, energ\u00edas renovables y puertos mar\u00edtimos.<\/span><\/p>\n<p>\n<\/div><div class=\"bt_bb_separator bt_bb_border_style_none bt_bb_bottom_spacing_normal\" data-bt-override-class=\"null\"><\/div><div class=\"bt_bb_separator bt_bb_border_style_none bt_bb_bottom_spacing_small\" data-bt-override-class=\"null\"><\/div><\/div><\/div><\/div><\/div><\/div><\/div><!-- cell_inner --><\/div><!-- cell --><\/div><!-- port --><\/section><section id=\"bt_bb_section69f0cc8981484\" class=\"bt_bb_section bt_bb_layout_boxed_800 bt_bb_vertical_align_top\"  data-bt-override-class=\"null\"><div class=\"bt_bb_port\"><div class=\"bt_bb_cell\"><div class=\"bt_bb_cell_inner\"><div class=\"bt_bb_row  bt_bb_layout_special btOverlapLeft\"  data-bt-override-class=\"{}\"><div class=\"bt_bb_row_holder\" ><div  class=\"bt_bb_column col-xl-12 col-xs-12 col-sm-12 col-md-12 col-lg-12 btWithIcon bt_bb_align_right bt_bb_icon_color_scheme_6 bt_bb_padding_normal\" style=\"; --column-icon-primary-color:#ffffff; --column-icon-secondary-color:#B07C4B;\" data-width=\"12\" data-bt-override-class=\"{}\"><div class=\"bt_bb_column_content bt_bb_vertical_align_top bt_bb_color_scheme_\"><div class=\"bt_bb_column_icon\"><span  data-ico-icon7stroke=\"&#xe60f;\" class=\"bt_bb_icon_holder\"><\/span><\/div><div class=\"bt_bb_column_content_inner\"><header class=\"bt_bb_headline bt_bb_color_scheme_14 bt_bb_dash_none bt_bb_size_medium bt_bb_align_left\" style=\"; --primary-color:; --secondary-color:#B07C4B;\" data-bt-override-class=\"{&quot;bt_bb_align_&quot;:{&quot;current_class&quot;:&quot;bt_bb_align_left&quot;,&quot;def&quot;:&quot;left&quot;,&quot;xl&quot;:&quot;left&quot;}}\"><h4 class=\"bt_bb_headline_tag\"><span class=\"bt_bb_headline_content\"><span>Trabajo reciente<\/span><\/span><\/h4><\/header><div class=\"bt_bb_separator bt_bb_border_style_none bt_bb_bottom_spacing_normal\" data-bt-override-class=\"null\"><\/div><div  class=\"bt_bb_text\" style=\"text-align: left;\"><\/p>\n<p><span style=\"font-weight: 400;\">Como asesor local l\u00edder de Autopistas del Atl\u00e1ntico y Grupo Grodco en el Proyecto PPP Corredor Tur\u00edstico, particip\u00f3 activamente en la licitaci\u00f3n p\u00fablica, en el cierre financiero con JP Morgan, CIFI y MIGA, en las negociaciones de contratos con el Gobierno de Honduras y en la proceso de reasentamiento de tierras.<\/span><\/p>\n<p><span style=\"font-weight: 400;\">Como parte de sus estudios de doctorado, actualmente es investigador invitado en Derecho en la Universidad de Notre Dame (Estados Unidos).<\/span><\/p>\n<p><span style=\"font-weight: 400;\">Es completamente biling\u00fce (ingl\u00e9s \/ espa\u00f1ol).<\/span><\/p>\n<p>\n<\/div><div class=\"bt_bb_separator bt_bb_border_style_none bt_bb_bottom_spacing_normal\" data-bt-override-class=\"null\"><\/div><header class=\"bt_bb_headline bt_bb_color_scheme_14 bt_bb_dash_none bt_bb_size_medium bt_bb_align_left\" style=\"; --primary-color:; --secondary-color:#B07C4B;\" data-bt-override-class=\"{&quot;bt_bb_align_&quot;:{&quot;current_class&quot;:&quot;bt_bb_align_left&quot;,&quot;def&quot;:&quot;left&quot;,&quot;xl&quot;:&quot;left&quot;}}\"><h4 class=\"bt_bb_headline_tag\"><span class=\"bt_bb_headline_content\"><span>Calificaciones<\/span><\/span><\/h4><\/header><div class=\"bt_bb_separator bt_bb_border_style_none bt_bb_bottom_spacing_extra_small\" data-bt-override-class=\"null\"><\/div><div  class=\"bt_bb_text\" style=\"text-align:left;\"><\/p>\n<ul>\n<li><span style=\"font-weight: 400;\">Candidato a Doctorado en Derecho, Universidad de Navarra, Pamplona, \u200b\u200bEspa\u00f1a<\/span><\/li>\n<li><span style=\"font-weight: 400;\">LLM en Derechos Humanos, Universidad de Navarra, Pamplona, \u200b\u200bEspa\u00f1a<\/span><\/li>\n<li><span style=\"font-weight: 400;\">M\u00e1ster en Asociaciones P\u00fablico Privadas, Universidad Internacional de La Rioja, Logro\u00f1o, Espa\u00f1a<\/span><\/li>\n<li><span style=\"font-weight: 400;\">Licenciada en Derecho, Universidad Nacional Aut\u00f3noma de Honduras, Tegucigalpa, Honduras<\/span><\/li>\n<\/ul>\n<p>\n<\/div><div class=\"bt_bb_separator bt_bb_border_style_none bt_bb_bottom_spacing_normal\" data-bt-override-class=\"null\"><\/div><\/div><\/div><\/div><\/div><\/div><\/div><!-- cell_inner --><\/div><!-- cell --><\/div><!-- port --><\/section><section id=\"bt_bb_section69f0cc8981e37\" class=\"bt_bb_section bt_bb_layout_boxed_900 bt_bb_vertical_align_top bt_bb_top_spacing_large bt_bb_bottom_spacing_large\"  data-bt-override-class=\"null\"><div class=\"bt_bb_background_image_holder_wrapper\"><div class=\"bt_bb_background_image_holder btLazyLoadBackground bt_bb_parallax lazyload\"  data-background_image_src=\"https:\/\/gufalaw.com\/wp-content\/uploads\/2019\/10\/background_04.jpg?wsr\" data-parallax=\"0.7\" data-parallax-offset=\"0\" data-parallax-zoom-start=\"1\" data-parallax-zoom-end=\"1\" data-parallax-blur-start=\"0\" data-parallax-blur-end=\"0\" data-parallax-opacity-start=\"1\" data-parallax-opacity-end=\"1\" style=\" background-image:inherit;\" data-bg-image=\"url(&#039;https:\/\/gufalaw.com\/wp-content\/plugins\/bold-page-builder\/img\/blank.gif&#039;)\"><\/div><\/div><div class=\"bt_bb_port\"><div class=\"bt_bb_cell\"><div class=\"bt_bb_cell_inner\"><div class=\"bt_bb_row \"  data-bt-override-class=\"{}\"><div class=\"bt_bb_row_holder\" ><div  class=\"bt_bb_column col-xl-12 bt_bb_align_center bt_bb_padding_normal\"  data-width=\"12\" data-bt-override-class=\"{}\"><div class=\"bt_bb_column_content bt_bb_vertical_align_top bt_bb_color_scheme_\"><div class=\"bt_bb_column_content_inner\"><header class=\"bt_bb_headline bt_bb_color_scheme_7 bt_bb_dash_gray bt_bb_size_large bt_bb_align_inherit\" style=\"; --primary-color:; --secondary-color:#191919;\" data-bt-override-class=\"{&quot;bt_bb_align_&quot;:{&quot;current_class&quot;:&quot;bt_bb_align_inherit&quot;,&quot;def&quot;:&quot;inherit&quot;,&quot;xl&quot;:&quot;inherit&quot;}}\"><h3 class=\"bt_bb_headline_tag\"><span class=\"bt_bb_headline_content\"><span>Cont\u00e1ctanos<\/span><\/span><\/h3><\/header><div class=\"bt_bb_separator bt_bb_border_style_none bt_bb_bottom_spacing_90\" data-bt-override-class=\"null\"><\/div><div class=\"bt_bb_contact_form_7 colorfield\">\n<div class=\"wpcf7 no-js\" id=\"wpcf7-f4294-o1\" lang=\"en-US\" dir=\"ltr\" data-wpcf7-id=\"4294\">\n<div class=\"screen-reader-response\"><p role=\"status\" aria-live=\"polite\" aria-atomic=\"true\"><\/p> <ul><\/ul><\/div>\n<form action=\"\/es\/wp-json\/wp\/v2\/pages\/3848#wpcf7-f4294-o1\" method=\"post\" class=\"wpcf7-form init\" aria-label=\"Contact form\" novalidate=\"novalidate\" data-status=\"init\">\n<fieldset class=\"hidden-fields-container\"><input type=\"hidden\" name=\"_wpcf7\" value=\"4294\" \/><input type=\"hidden\" name=\"_wpcf7_version\" value=\"6.1.5\" \/><input type=\"hidden\" name=\"_wpcf7_locale\" value=\"en_US\" \/><input type=\"hidden\" name=\"_wpcf7_unit_tag\" value=\"wpcf7-f4294-o1\" \/><input type=\"hidden\" name=\"_wpcf7_container_post\" value=\"0\" \/><input type=\"hidden\" name=\"_wpcf7_posted_data_hash\" value=\"\" \/>\n<\/fieldset>\n<div class=\"btForm\">\n\t<div class=\"btFormRow btFlex\">\n\t\t<div class=\"btFormColumn\">\n\t\t\t<p><span class=\"wpcf7-form-control-wrap\" data-name=\"your-name\"><input size=\"40\" maxlength=\"400\" class=\"wpcf7-form-control wpcf7-text wpcf7-validates-as-required\" aria-required=\"true\" aria-invalid=\"false\" placeholder=\"Nombre*\" value=\"\" type=\"text\" name=\"your-name\" \/><\/span>\n\t\t\t<\/p>\n\t\t<\/div>\n\t\t<div class=\"btFormColumn\">\n\t\t\t<p><span class=\"wpcf7-form-control-wrap\" data-name=\"your-email\"><input size=\"40\" maxlength=\"400\" class=\"wpcf7-form-control wpcf7-email wpcf7-validates-as-required wpcf7-text wpcf7-validates-as-email\" aria-required=\"true\" aria-invalid=\"false\" placeholder=\"Correo*\" value=\"\" type=\"email\" name=\"your-email\" \/><\/span>\n\t\t\t<\/p>\n\t\t<\/div>\n\t<\/div>\n\t<div class=\"btFormRow btFlex\">\n\t\t<div class=\"btFormColumn\">\n\t\t\t<p><span class=\"wpcf7-form-control-wrap\" data-name=\"your-tel\"><input size=\"40\" maxlength=\"400\" class=\"wpcf7-form-control wpcf7-tel wpcf7-text wpcf7-validates-as-tel\" aria-invalid=\"false\" placeholder=\"Telefono\" value=\"\" type=\"tel\" name=\"your-tel\" \/><\/span>\n\t\t\t<\/p>\n\t\t<\/div>\n\t\t<div class=\"btFormColumn\">\n\t\t\t<p><span class=\"wpcf7-form-control-wrap\" data-name=\"text-11\"><input size=\"40\" maxlength=\"400\" class=\"wpcf7-form-control wpcf7-text\" aria-invalid=\"false\" placeholder=\"Nombre de empresa\" value=\"\" type=\"text\" name=\"text-11\" \/><\/span>\n\t\t\t<\/p>\n\t\t<\/div>\n\t<\/div>\n\t<div class=\"btFormRow\">\n\t\t<div class=\"btFormColumn\">\n\t\t\t<p><span class=\"wpcf7-form-control-wrap\" data-name=\"your-message\"><textarea cols=\"40\" rows=\"10\" maxlength=\"2000\" class=\"wpcf7-form-control wpcf7-textarea\" aria-invalid=\"false\" placeholder=\"Detalles\" name=\"your-message\"><\/textarea><\/span>\n\t\t\t<\/p>\n\t\t<\/div>\n\t<\/div>\n\t<div class=\"btFormButton\">\n\t\t<p><input class=\"wpcf7-form-control wpcf7-submit has-spinner\" type=\"submit\" value=\"Enviar\" \/>\n\t\t<\/p>\n\t<\/div>\n<\/div><div class=\"wpcf7-response-output\" aria-hidden=\"true\"><\/div>\n<\/form>\n<\/div>\n<\/div><\/div><\/div><\/div><\/div><\/div><\/div><!-- cell_inner --><\/div><!-- cell --><\/div><!-- port --><\/section><\/p>\n","protected":false},"excerpt":{"rendered":"","protected":false},"author":1,"featured_media":0,"parent":3837,"menu_order":0,"comment_status":"closed","ping_status":"closed","template":"","meta":{"_joinchat":[],"footnotes":""},"class_list":["post-3848","page","type-page","status-publish","hentry"],"yoast_head":"<!-- This site is optimized with the Yoast SEO plugin v27.5 - https:\/\/yoast.com\/product\/yoast-seo-wordpress\/ -->\n<title>Julio Pohl Garc\u00eda-Prieto - Gufa Law<\/title>\n<meta name=\"robots\" content=\"index, follow, max-snippet:-1, max-image-preview:large, max-video-preview:-1\" \/>\n<link rel=\"canonical\" href=\"https:\/\/gufalaw.com\/en\/team\/julio-pohl-garcia-prieto\/\" \/>\n<meta property=\"og:locale\" content=\"es_ES\" \/>\n<meta property=\"og:type\" content=\"article\" \/>\n<meta property=\"og:title\" content=\"Julio Pohl Garc\u00eda-Prieto - Gufa Law\" \/>\n<meta property=\"og:url\" content=\"https:\/\/gufalaw.com\/en\/team\/julio-pohl-garcia-prieto\/\" \/>\n<meta property=\"og:site_name\" content=\"Gufa Law\" \/>\n<meta property=\"article:modified_time\" content=\"2024-09-13T19:39:02+00:00\" \/>\n<meta name=\"twitter:card\" content=\"summary_large_image\" \/>\n<meta name=\"twitter:label1\" content=\"Tiempo de lectura\" \/>\n\t<meta name=\"twitter:data1\" content=\"2 minutos\" \/>\n<script type=\"application\/ld+json\" class=\"yoast-schema-graph\">{\"@context\":\"https:\\\/\\\/schema.org\",\"@graph\":[{\"@type\":\"WebPage\",\"@id\":\"https:\\\/\\\/gufalaw.com\\\/en\\\/team\\\/julio-pohl-garcia-prieto\\\/\",\"url\":\"https:\\\/\\\/gufalaw.com\\\/en\\\/team\\\/julio-pohl-garcia-prieto\\\/\",\"name\":\"Julio Pohl Garc\u00eda-Prieto - Gufa Law\",\"isPartOf\":{\"@id\":\"https:\\\/\\\/gufalaw.com\\\/es\\\/#website\"},\"datePublished\":\"2021-07-12T10:45:05+00:00\",\"dateModified\":\"2024-09-13T19:39:02+00:00\",\"breadcrumb\":{\"@id\":\"https:\\\/\\\/gufalaw.com\\\/en\\\/team\\\/julio-pohl-garcia-prieto\\\/#breadcrumb\"},\"inLanguage\":\"es\",\"potentialAction\":[{\"@type\":\"ReadAction\",\"target\":[\"https:\\\/\\\/gufalaw.com\\\/en\\\/team\\\/julio-pohl-garcia-prieto\\\/\"]}]},{\"@type\":\"BreadcrumbList\",\"@id\":\"https:\\\/\\\/gufalaw.com\\\/en\\\/team\\\/julio-pohl-garcia-prieto\\\/#breadcrumb\",\"itemListElement\":[{\"@type\":\"ListItem\",\"position\":1,\"name\":\"Home\",\"item\":\"https:\\\/\\\/gufalaw.com\\\/es\\\/\"},{\"@type\":\"ListItem\",\"position\":2,\"name\":\"Nuestro Equipo\",\"item\":\"https:\\\/\\\/gufalaw.com\\\/es\\\/team\\\/\"},{\"@type\":\"ListItem\",\"position\":3,\"name\":\"Julio Pohl Garc\u00eda-Prieto\"}]},{\"@type\":\"WebSite\",\"@id\":\"https:\\\/\\\/gufalaw.com\\\/es\\\/#website\",\"url\":\"https:\\\/\\\/gufalaw.com\\\/es\\\/\",\"name\":\"Gufa Law\",\"description\":\"\",\"publisher\":{\"@id\":\"https:\\\/\\\/gufalaw.com\\\/es\\\/#organization\"},\"potentialAction\":[{\"@type\":\"SearchAction\",\"target\":{\"@type\":\"EntryPoint\",\"urlTemplate\":\"https:\\\/\\\/gufalaw.com\\\/es\\\/?s={search_term_string}\"},\"query-input\":{\"@type\":\"PropertyValueSpecification\",\"valueRequired\":true,\"valueName\":\"search_term_string\"}}],\"inLanguage\":\"es\"},{\"@type\":\"Organization\",\"@id\":\"https:\\\/\\\/gufalaw.com\\\/es\\\/#organization\",\"name\":\"Gufa Law\",\"url\":\"https:\\\/\\\/gufalaw.com\\\/es\\\/\",\"logo\":{\"@type\":\"ImageObject\",\"inLanguage\":\"es\",\"@id\":\"https:\\\/\\\/gufalaw.com\\\/es\\\/#\\\/schema\\\/logo\\\/image\\\/\",\"url\":\"https:\\\/\\\/gufalaw.com\\\/wp-content\\\/uploads\\\/2023\\\/09\\\/2309_LOGO-e1742231965233.png\",\"contentUrl\":\"https:\\\/\\\/gufalaw.com\\\/wp-content\\\/uploads\\\/2023\\\/09\\\/2309_LOGO-e1742231965233.png\",\"width\":653,\"height\":238,\"caption\":\"Gufa Law\"},\"image\":{\"@id\":\"https:\\\/\\\/gufalaw.com\\\/es\\\/#\\\/schema\\\/logo\\\/image\\\/\"}}]}<\/script>\n<!-- \/ Yoast SEO plugin. -->","yoast_head_json":{"title":"Julio Pohl Garc\u00eda-Prieto - Gufa Law","robots":{"index":"index","follow":"follow","max-snippet":"max-snippet:-1","max-image-preview":"max-image-preview:large","max-video-preview":"max-video-preview:-1"},"canonical":"https:\/\/gufalaw.com\/en\/team\/julio-pohl-garcia-prieto\/","og_locale":"es_ES","og_type":"article","og_title":"Julio Pohl Garc\u00eda-Prieto - Gufa Law","og_url":"https:\/\/gufalaw.com\/en\/team\/julio-pohl-garcia-prieto\/","og_site_name":"Gufa Law","article_modified_time":"2024-09-13T19:39:02+00:00","twitter_card":"summary_large_image","twitter_misc":{"Tiempo de lectura":"2 minutos"},"schema":{"@context":"https:\/\/schema.org","@graph":[{"@type":"WebPage","@id":"https:\/\/gufalaw.com\/en\/team\/julio-pohl-garcia-prieto\/","url":"https:\/\/gufalaw.com\/en\/team\/julio-pohl-garcia-prieto\/","name":"Julio Pohl Garc\u00eda-Prieto - Gufa Law","isPartOf":{"@id":"https:\/\/gufalaw.com\/es\/#website"},"datePublished":"2021-07-12T10:45:05+00:00","dateModified":"2024-09-13T19:39:02+00:00","breadcrumb":{"@id":"https:\/\/gufalaw.com\/en\/team\/julio-pohl-garcia-prieto\/#breadcrumb"},"inLanguage":"es","potentialAction":[{"@type":"ReadAction","target":["https:\/\/gufalaw.com\/en\/team\/julio-pohl-garcia-prieto\/"]}]},{"@type":"BreadcrumbList","@id":"https:\/\/gufalaw.com\/en\/team\/julio-pohl-garcia-prieto\/#breadcrumb","itemListElement":[{"@type":"ListItem","position":1,"name":"Home","item":"https:\/\/gufalaw.com\/es\/"},{"@type":"ListItem","position":2,"name":"Nuestro Equipo","item":"https:\/\/gufalaw.com\/es\/team\/"},{"@type":"ListItem","position":3,"name":"Julio Pohl Garc\u00eda-Prieto"}]},{"@type":"WebSite","@id":"https:\/\/gufalaw.com\/es\/#website","url":"https:\/\/gufalaw.com\/es\/","name":"Gufa Law","description":"","publisher":{"@id":"https:\/\/gufalaw.com\/es\/#organization"},"potentialAction":[{"@type":"SearchAction","target":{"@type":"EntryPoint","urlTemplate":"https:\/\/gufalaw.com\/es\/?s={search_term_string}"},"query-input":{"@type":"PropertyValueSpecification","valueRequired":true,"valueName":"search_term_string"}}],"inLanguage":"es"},{"@type":"Organization","@id":"https:\/\/gufalaw.com\/es\/#organization","name":"Gufa Law","url":"https:\/\/gufalaw.com\/es\/","logo":{"@type":"ImageObject","inLanguage":"es","@id":"https:\/\/gufalaw.com\/es\/#\/schema\/logo\/image\/","url":"https:\/\/gufalaw.com\/wp-content\/uploads\/2023\/09\/2309_LOGO-e1742231965233.png","contentUrl":"https:\/\/gufalaw.com\/wp-content\/uploads\/2023\/09\/2309_LOGO-e1742231965233.png","width":653,"height":238,"caption":"Gufa Law"},"image":{"@id":"https:\/\/gufalaw.com\/es\/#\/schema\/logo\/image\/"}}]}},"_links":{"self":[{"href":"https:\/\/gufalaw.com\/es\/wp-json\/wp\/v2\/pages\/3848","targetHints":{"allow":["GET"]}}],"collection":[{"href":"https:\/\/gufalaw.com\/es\/wp-json\/wp\/v2\/pages"}],"about":[{"href":"https:\/\/gufalaw.com\/es\/wp-json\/wp\/v2\/types\/page"}],"author":[{"embeddable":true,"href":"https:\/\/gufalaw.com\/es\/wp-json\/wp\/v2\/users\/1"}],"replies":[{"embeddable":true,"href":"https:\/\/gufalaw.com\/es\/wp-json\/wp\/v2\/comments?post=3848"}],"version-history":[{"count":5,"href":"https:\/\/gufalaw.com\/es\/wp-json\/wp\/v2\/pages\/3848\/revisions"}],"predecessor-version":[{"id":4660,"href":"https:\/\/gufalaw.com\/es\/wp-json\/wp\/v2\/pages\/3848\/revisions\/4660"}],"up":[{"embeddable":true,"href":"https:\/\/gufalaw.com\/es\/wp-json\/wp\/v2\/pages\/3837"}],"wp:attachment":[{"href":"https:\/\/gufalaw.com\/es\/wp-json\/wp\/v2\/media?parent=3848"}],"curies":[{"name":"wp","href":"https:\/\/api.w.org\/{rel}","templated":true}]}}