{"id":3876,"date":"2021-07-12T17:45:25","date_gmt":"2021-07-12T17:45:25","guid":{"rendered":"https:\/\/gufalaw.com\/?page_id=3876"},"modified":"2021-12-03T08:25:58","modified_gmt":"2021-12-03T08:25:58","slug":"employment","status":"publish","type":"page","link":"https:\/\/gufalaw.com\/es\/employment\/","title":{"rendered":"Derecho Laboral"},"content":{"rendered":"<p><section id=\"bt_bb_section69f0c7cd34af4\" class=\"bt_bb_section bt_bb_color_scheme_10 bt_bb_layout_boxed_1200 bt_bb_vertical_align_top bt_bb_top_spacing_large bt_bb_bottom_spacing_large bg-area-practice\" style=\"; --section-primary-color:#ffffff; --section-secondary-color:;;background-color:rgb(26,35,63);\" data-bt-override-class=\"null\"><div class=\"bt_bb_port\"><div class=\"bt_bb_cell\"><div class=\"bt_bb_cell_inner\"><div class=\"bt_bb_row \"  data-bt-override-class=\"{}\"><div class=\"bt_bb_row_holder\" ><div  class=\"bt_bb_column col-xl-12 bt_bb_align_center bt_bb_padding_normal\"  data-width=\"12\" data-bt-override-class=\"{}\"><div class=\"bt_bb_column_content bt_bb_vertical_align_top bt_bb_color_scheme_\"><div class=\"bt_bb_column_content_inner\"><div class=\"bt_bb_separator bt_bb_border_style_none bt_bb_bottom_spacing_large bt_bb_hidden_xs bt_bb_hidden_ms bt_bb_hidden_sm\" data-bt-override-class=\"null\"><\/div><header class=\"bt_bb_headline bt_bb_color_scheme_6 bt_bb_dash_none bt_bb_size_extralarge bt_bb_align_inherit\" style=\"position: absolute; text-align: center; width: 100%; bottom: 0;; --primary-color:#ffffff; --secondary-color:#B07C4B;\" data-bt-override-class=\"{&quot;bt_bb_align_&quot;:{&quot;current_class&quot;:&quot;bt_bb_align_inherit&quot;,&quot;def&quot;:&quot;inherit&quot;,&quot;xl&quot;:&quot;inherit&quot;}}\"><h3 class=\"bt_bb_headline_tag\"><span class=\"bt_bb_headline_content\"><span>Derecho Laboral<\/span><\/span><\/h3><\/header><div class=\"bt_bb_separator bt_bb_border_style_none bt_bb_bottom_spacing_normal bt_bb_hidden_xs bt_bb_hidden_ms bt_bb_hidden_sm\" data-bt-override-class=\"null\"><\/div><div class=\"bt_bb_separator bt_bb_border_style_none bt_bb_bottom_spacing_large bt_bb_hidden_xs bt_bb_hidden_ms bt_bb_hidden_sm\" data-bt-override-class=\"null\"><\/div><\/div><\/div><\/div><\/div><\/div><\/div><!-- cell_inner --><\/div><!-- cell --><\/div><!-- port --><\/section><section id=\"bt_bb_section69f0c7cd34eef\" class=\"bt_bb_section bt_bb_layout_wide bt_bb_vertical_align_top bt_bb_negative_margin_large\"  data-bt-override-class=\"null\"><div class=\"bt_bb_port\"><div class=\"bt_bb_cell\"><div class=\"bt_bb_cell_inner\"><div class=\"bt_bb_row  bt_bb_layout_special btOverlapLeft\"  data-bt-override-class=\"{}\"><div class=\"bt_bb_row_holder\" ><div  class=\"bt_bb_column col-xl-6 btWithIcon bt_bb_align_right bt_bb_icon_color_scheme_6 bt_bb_padding_normal\" style=\"; --column-icon-primary-color:#ffffff; --column-icon-secondary-color:#B07C4B;\" data-width=\"6\" data-bt-override-class=\"{}\"><div class=\"bt_bb_column_content bt_bb_vertical_align_top bt_bb_color_scheme_\"><div class=\"bt_bb_column_icon\"><span  data-ico-icon7stroke=\"&#xe662;\" class=\"bt_bb_icon_holder\"><\/span><\/div><div class=\"bt_bb_column_content_inner\"><header class=\"bt_bb_headline bt_bb_color_scheme_14 bt_bb_dash_none bt_bb_size_normal bt_bb_align_left\" style=\"; --primary-color:; --secondary-color:#B07C4B;\" data-bt-override-class=\"{&quot;bt_bb_align_&quot;:{&quot;current_class&quot;:&quot;bt_bb_align_left&quot;,&quot;def&quot;:&quot;left&quot;,&quot;xl&quot;:&quot;left&quot;}}\"><h3 class=\"bt_bb_headline_tag\"><span class=\"bt_bb_headline_content\"><span>Derecho Laboral<\/span><\/span><\/h3><\/header><div class=\"bt_bb_separator bt_bb_border_style_none bt_bb_bottom_spacing_normal\" data-bt-override-class=\"null\"><\/div><div  class=\"bt_bb_text\" style=\"text-align:left;\"><\/p>\n<p><span style=\"font-weight: 400;\">Nuestro equipo tiene experiencia en ayudar a los clientes a abordar una amplia gama de problemas que pueden surgir de las relaciones laborales. Brindamos a los clientes asesoramiento continuo sobre pol\u00edticas y procedimientos, reglamento interno de trabajo, acciones disciplinarias y terminaci\u00f3n de contrato. Debido al \u00e9nfasis en tomar medidas proactivas para la prevenci\u00f3n y mitigaci\u00f3n de riesgos, nuestros abogados tienen experiencia en el desarrollo de programas para mantener a los clientes en cumplimiento con las leyes laborales locales. Sin embargo, tambi\u00e9n estamos equipados para responder r\u00e1pidamente a las investigaciones de las autoridades y los reclamos laborales complejos en los juzgados de trabajo.<\/span><\/p>\n<p><span style=\"font-weight: 400;\">Nos enorgullecemos de construir relaciones duraderas con nuestros clientes gracias a nuestros esfuerzos por comprender su negocio, lo que nos permite brindarles asesoramiento y soluciones a la medida. Obtenemos nuestra experiencia de una amplia gama de sectores, que incluyen la construcci\u00f3n, las telecomunicaciones, la energ\u00eda, el comercio minorista, la industria manufacturera, entre otros.<\/span><\/p>\n<p><strong>Principales \u00e1reas de trabajo:<\/strong><\/p>\n<ul>\n<li><span style=\"font-weight: 400;\">Representaci\u00f3n en conflictos y demandas laborales<\/span><\/li>\n<li><span style=\"font-weight: 400;\">Asesoramiento en procedimientos internos, incluidos procedimientos disciplinarios y resoluci\u00f3n de contratos.<\/span><\/li>\n<li><span style=\"font-weight: 400;\">Redacci\u00f3n y aprobaci\u00f3n de manual del empleado ante la autoridad administrativa laboral<\/span><\/li>\n<li><span style=\"font-weight: 400;\">Asesoramiento en materia de seguridad social y riesgos laborales<\/span><\/li>\n<li><span style=\"font-weight: 400;\">Evaluaciones de cumplimiento laboral<\/span><\/li>\n<li><span style=\"font-weight: 400;\">Procedimientos migratorios de empleados extranjeros<\/span><\/li>\n<\/ul>\n<p>\n<\/div><div class=\"bt_bb_separator bt_bb_border_style_none bt_bb_bottom_spacing_extra_small\" data-bt-override-class=\"null\"><\/div><div class=\"bt_bb_button bt_bb_color_scheme_6 bt_bb_icon_color_scheme_10 bt_bb_style_filled bt_bb_size_large bt_bb_width_inline bt_bb_shape_square bt_bb_align_inherit btWithIcon bt_bb_hidden_xs bt_bb_hidden_ms bt_bb_hidden_sm bt_bb_hidden_md bt_bb_hidden_lg\" style=\"; --button-primary-color:#ffffff; --button-secondary-color:#B07C4B;; --button-icon-primary-color:#ffffff; --button-icon-secondary-color:;\" data-bt-override-class=\"{&quot;bt_bb_size_&quot;:{&quot;current_class&quot;:&quot;bt_bb_size_large&quot;,&quot;def&quot;:&quot;large&quot;,&quot;xl&quot;:&quot;large&quot;},&quot;bt_bb_align_&quot;:{&quot;current_class&quot;:&quot;bt_bb_align_inherit&quot;,&quot;def&quot;:&quot;inherit&quot;,&quot;xl&quot;:&quot;inherit&quot;}}\"><a href=\"#\" target=\"_self\" class=\"bt_bb_link\" title=\"1-800-643-4300\"><div class=\"bt_bb_icon\"><span  data-ico-icon7stroke=\"&#xe670;\" class=\"bt_bb_icon_holder\"><\/span><\/div><div class=\"bt_bb_link\"><span class=\"bt_bb_button_text\">1-800-643-4300<\/span><\/div><\/a><\/div><\/div><\/div><\/div><div  class=\"bt_bb_column col-xl-6 bt_bb_align_left bt_bb_color_scheme_10 bt_bb_padding_normal\" style=\"; --column-primary-color:#ffffff; --column-secondary-color:;\" data-width=\"6\" data-bt-override-class=\"{&quot;bt_bb_align_&quot;:{&quot;current_class&quot;:&quot;bt_bb_align_left&quot;,&quot;def&quot;:&quot;left&quot;,&quot;xl&quot;:&quot;left&quot;}}\"><div class=\"bt_bb_column_content bt_bb_vertical_align_top bt_bb_color_scheme_10 btLazyLoadBackground bt_bb_column_background_image lazyload\" style=\"background-image:inherit;\" data-background_image_src='https:\/\/gufalaw.com\/wp-content\/uploads\/2021\/09\/shutterstock_112881328.jpg?wsr' data-bg-image=\"url(&#039;https:\/\/gufalaw.com\/wp-content\/plugins\/bold-page-builder\/img\/blank.gif&#039;)\"><div class=\"bt_bb_column_content_inner\"><div class=\"bt_bb_separator bt_bb_border_style_none bt_bb_bottom_spacing_35\" data-bt-override-class=\"null\"><\/div><\/div><\/div><\/div><\/div><\/div><\/div><!-- cell_inner --><\/div><!-- cell --><\/div><!-- port --><\/section><\/p>\n","protected":false},"excerpt":{"rendered":"","protected":false},"author":1,"featured_media":0,"parent":0,"menu_order":0,"comment_status":"closed","ping_status":"closed","template":"","meta":{"_joinchat":[],"footnotes":""},"class_list":["post-3876","page","type-page","status-publish","hentry"],"yoast_head":"<!-- This site is optimized with the Yoast SEO plugin v27.4 - https:\/\/yoast.com\/product\/yoast-seo-wordpress\/ -->\n<title>Derecho Laboral - Gufa Law<\/title>\n<meta name=\"robots\" content=\"index, follow, max-snippet:-1, max-image-preview:large, max-video-preview:-1\" \/>\n<link rel=\"canonical\" href=\"https:\/\/gufalaw.com\/en\/employment\/\" \/>\n<meta property=\"og:locale\" content=\"es_ES\" \/>\n<meta property=\"og:type\" content=\"article\" \/>\n<meta property=\"og:title\" content=\"Derecho Laboral - Gufa Law\" \/>\n<meta property=\"og:url\" content=\"https:\/\/gufalaw.com\/en\/employment\/\" \/>\n<meta property=\"og:site_name\" content=\"Gufa Law\" \/>\n<meta property=\"article:modified_time\" content=\"2021-12-03T08:25:58+00:00\" \/>\n<meta name=\"twitter:card\" content=\"summary_large_image\" \/>\n<meta name=\"twitter:label1\" content=\"Tiempo de lectura\" \/>\n\t<meta name=\"twitter:data1\" content=\"5 minutos\" \/>\n<script type=\"application\/ld+json\" class=\"yoast-schema-graph\">{\"@context\":\"https:\\\/\\\/schema.org\",\"@graph\":[{\"@type\":\"WebPage\",\"@id\":\"https:\\\/\\\/gufalaw.com\\\/en\\\/employment\\\/\",\"url\":\"https:\\\/\\\/gufalaw.com\\\/en\\\/employment\\\/\",\"name\":\"Derecho Laboral - Gufa Law\",\"isPartOf\":{\"@id\":\"https:\\\/\\\/gufalaw.com\\\/es\\\/#website\"},\"datePublished\":\"2021-07-12T17:45:25+00:00\",\"dateModified\":\"2021-12-03T08:25:58+00:00\",\"breadcrumb\":{\"@id\":\"https:\\\/\\\/gufalaw.com\\\/en\\\/employment\\\/#breadcrumb\"},\"inLanguage\":\"es\",\"potentialAction\":[{\"@type\":\"ReadAction\",\"target\":[\"https:\\\/\\\/gufalaw.com\\\/en\\\/employment\\\/\"]}]},{\"@type\":\"BreadcrumbList\",\"@id\":\"https:\\\/\\\/gufalaw.com\\\/en\\\/employment\\\/#breadcrumb\",\"itemListElement\":[{\"@type\":\"ListItem\",\"position\":1,\"name\":\"Home\",\"item\":\"https:\\\/\\\/gufalaw.com\\\/es\\\/\"},{\"@type\":\"ListItem\",\"position\":2,\"name\":\"Derecho Laboral\"}]},{\"@type\":\"WebSite\",\"@id\":\"https:\\\/\\\/gufalaw.com\\\/es\\\/#website\",\"url\":\"https:\\\/\\\/gufalaw.com\\\/es\\\/\",\"name\":\"Gufa Law\",\"description\":\"\",\"publisher\":{\"@id\":\"https:\\\/\\\/gufalaw.com\\\/es\\\/#organization\"},\"potentialAction\":[{\"@type\":\"SearchAction\",\"target\":{\"@type\":\"EntryPoint\",\"urlTemplate\":\"https:\\\/\\\/gufalaw.com\\\/es\\\/?s={search_term_string}\"},\"query-input\":{\"@type\":\"PropertyValueSpecification\",\"valueRequired\":true,\"valueName\":\"search_term_string\"}}],\"inLanguage\":\"es\"},{\"@type\":\"Organization\",\"@id\":\"https:\\\/\\\/gufalaw.com\\\/es\\\/#organization\",\"name\":\"Gufa Law\",\"url\":\"https:\\\/\\\/gufalaw.com\\\/es\\\/\",\"logo\":{\"@type\":\"ImageObject\",\"inLanguage\":\"es\",\"@id\":\"https:\\\/\\\/gufalaw.com\\\/es\\\/#\\\/schema\\\/logo\\\/image\\\/\",\"url\":\"https:\\\/\\\/gufalaw.com\\\/wp-content\\\/uploads\\\/2023\\\/09\\\/2309_LOGO-e1742231965233.png\",\"contentUrl\":\"https:\\\/\\\/gufalaw.com\\\/wp-content\\\/uploads\\\/2023\\\/09\\\/2309_LOGO-e1742231965233.png\",\"width\":653,\"height\":238,\"caption\":\"Gufa Law\"},\"image\":{\"@id\":\"https:\\\/\\\/gufalaw.com\\\/es\\\/#\\\/schema\\\/logo\\\/image\\\/\"}}]}<\/script>\n<!-- \/ Yoast SEO plugin. -->","yoast_head_json":{"title":"Derecho Laboral - Gufa Law","robots":{"index":"index","follow":"follow","max-snippet":"max-snippet:-1","max-image-preview":"max-image-preview:large","max-video-preview":"max-video-preview:-1"},"canonical":"https:\/\/gufalaw.com\/en\/employment\/","og_locale":"es_ES","og_type":"article","og_title":"Derecho Laboral - Gufa Law","og_url":"https:\/\/gufalaw.com\/en\/employment\/","og_site_name":"Gufa Law","article_modified_time":"2021-12-03T08:25:58+00:00","twitter_card":"summary_large_image","twitter_misc":{"Tiempo de lectura":"5 minutos"},"schema":{"@context":"https:\/\/schema.org","@graph":[{"@type":"WebPage","@id":"https:\/\/gufalaw.com\/en\/employment\/","url":"https:\/\/gufalaw.com\/en\/employment\/","name":"Derecho Laboral - Gufa Law","isPartOf":{"@id":"https:\/\/gufalaw.com\/es\/#website"},"datePublished":"2021-07-12T17:45:25+00:00","dateModified":"2021-12-03T08:25:58+00:00","breadcrumb":{"@id":"https:\/\/gufalaw.com\/en\/employment\/#breadcrumb"},"inLanguage":"es","potentialAction":[{"@type":"ReadAction","target":["https:\/\/gufalaw.com\/en\/employment\/"]}]},{"@type":"BreadcrumbList","@id":"https:\/\/gufalaw.com\/en\/employment\/#breadcrumb","itemListElement":[{"@type":"ListItem","position":1,"name":"Home","item":"https:\/\/gufalaw.com\/es\/"},{"@type":"ListItem","position":2,"name":"Derecho Laboral"}]},{"@type":"WebSite","@id":"https:\/\/gufalaw.com\/es\/#website","url":"https:\/\/gufalaw.com\/es\/","name":"Gufa Law","description":"","publisher":{"@id":"https:\/\/gufalaw.com\/es\/#organization"},"potentialAction":[{"@type":"SearchAction","target":{"@type":"EntryPoint","urlTemplate":"https:\/\/gufalaw.com\/es\/?s={search_term_string}"},"query-input":{"@type":"PropertyValueSpecification","valueRequired":true,"valueName":"search_term_string"}}],"inLanguage":"es"},{"@type":"Organization","@id":"https:\/\/gufalaw.com\/es\/#organization","name":"Gufa Law","url":"https:\/\/gufalaw.com\/es\/","logo":{"@type":"ImageObject","inLanguage":"es","@id":"https:\/\/gufalaw.com\/es\/#\/schema\/logo\/image\/","url":"https:\/\/gufalaw.com\/wp-content\/uploads\/2023\/09\/2309_LOGO-e1742231965233.png","contentUrl":"https:\/\/gufalaw.com\/wp-content\/uploads\/2023\/09\/2309_LOGO-e1742231965233.png","width":653,"height":238,"caption":"Gufa Law"},"image":{"@id":"https:\/\/gufalaw.com\/es\/#\/schema\/logo\/image\/"}}]}},"_links":{"self":[{"href":"https:\/\/gufalaw.com\/es\/wp-json\/wp\/v2\/pages\/3876","targetHints":{"allow":["GET"]}}],"collection":[{"href":"https:\/\/gufalaw.com\/es\/wp-json\/wp\/v2\/pages"}],"about":[{"href":"https:\/\/gufalaw.com\/es\/wp-json\/wp\/v2\/types\/page"}],"author":[{"embeddable":true,"href":"https:\/\/gufalaw.com\/es\/wp-json\/wp\/v2\/users\/1"}],"replies":[{"embeddable":true,"href":"https:\/\/gufalaw.com\/es\/wp-json\/wp\/v2\/comments?post=3876"}],"version-history":[{"count":11,"href":"https:\/\/gufalaw.com\/es\/wp-json\/wp\/v2\/pages\/3876\/revisions"}],"predecessor-version":[{"id":5018,"href":"https:\/\/gufalaw.com\/es\/wp-json\/wp\/v2\/pages\/3876\/revisions\/5018"}],"wp:attachment":[{"href":"https:\/\/gufalaw.com\/es\/wp-json\/wp\/v2\/media?parent=3876"}],"curies":[{"name":"wp","href":"https:\/\/api.w.org\/{rel}","templated":true}]}}