{"id":3879,"date":"2021-07-12T17:48:25","date_gmt":"2021-07-12T17:48:25","guid":{"rendered":"https:\/\/gufalaw.com\/?page_id=3879"},"modified":"2021-12-03T08:26:21","modified_gmt":"2021-12-03T08:26:21","slug":"energy","status":"publish","type":"page","link":"https:\/\/gufalaw.com\/es\/energy\/","title":{"rendered":"Energ\u00eda"},"content":{"rendered":"<p><section id=\"bt_bb_section69f0c60495857\" class=\"bt_bb_section bt_bb_color_scheme_10 bt_bb_layout_boxed_1200 bt_bb_vertical_align_top bt_bb_top_spacing_large bt_bb_bottom_spacing_large bg-area-practice\" style=\"; --section-primary-color:#ffffff; --section-secondary-color:;;background-color:rgb(26,35,63);\" data-bt-override-class=\"null\"><div class=\"bt_bb_port\"><div class=\"bt_bb_cell\"><div class=\"bt_bb_cell_inner\"><div class=\"bt_bb_row \"  data-bt-override-class=\"{}\"><div class=\"bt_bb_row_holder\" ><div  class=\"bt_bb_column col-xl-12 bt_bb_align_center bt_bb_padding_normal\"  data-width=\"12\" data-bt-override-class=\"{}\"><div class=\"bt_bb_column_content bt_bb_vertical_align_top bt_bb_color_scheme_\"><div class=\"bt_bb_column_content_inner\"><div class=\"bt_bb_separator bt_bb_border_style_none bt_bb_bottom_spacing_large bt_bb_hidden_xs bt_bb_hidden_ms bt_bb_hidden_sm\" data-bt-override-class=\"null\"><\/div><header class=\"bt_bb_headline bt_bb_color_scheme_6 bt_bb_dash_none bt_bb_size_extralarge bt_bb_align_inherit\" style=\"position: absolute; text-align: center; width: 100%; bottom: 0;; --primary-color:#ffffff; --secondary-color:#B07C4B;\" data-bt-override-class=\"{&quot;bt_bb_align_&quot;:{&quot;current_class&quot;:&quot;bt_bb_align_inherit&quot;,&quot;def&quot;:&quot;inherit&quot;,&quot;xl&quot;:&quot;inherit&quot;}}\"><h3 class=\"bt_bb_headline_tag\"><span class=\"bt_bb_headline_content\"><span>Energ\u00eda<\/span><\/span><\/h3><\/header><div class=\"bt_bb_separator bt_bb_border_style_none bt_bb_bottom_spacing_normal bt_bb_hidden_xs bt_bb_hidden_ms bt_bb_hidden_sm\" data-bt-override-class=\"null\"><\/div><div class=\"bt_bb_separator bt_bb_border_style_none bt_bb_bottom_spacing_large bt_bb_hidden_xs bt_bb_hidden_ms bt_bb_hidden_sm\" data-bt-override-class=\"null\"><\/div><\/div><\/div><\/div><\/div><\/div><\/div><!-- cell_inner --><\/div><!-- cell --><\/div><!-- port --><\/section><section id=\"bt_bb_section69f0c60495c8a\" class=\"bt_bb_section bt_bb_layout_wide bt_bb_vertical_align_top bt_bb_negative_margin_large\"  data-bt-override-class=\"null\"><div class=\"bt_bb_port\"><div class=\"bt_bb_cell\"><div class=\"bt_bb_cell_inner\"><div class=\"bt_bb_row  bt_bb_layout_special btOverlapLeft\"  data-bt-override-class=\"{}\"><div class=\"bt_bb_row_holder\" ><div  class=\"bt_bb_column col-xl-6 btWithIcon bt_bb_align_right bt_bb_icon_color_scheme_6 bt_bb_padding_normal\" style=\"; --column-icon-primary-color:#ffffff; --column-icon-secondary-color:#B07C4B;\" data-width=\"6\" data-bt-override-class=\"{}\"><div class=\"bt_bb_column_content bt_bb_vertical_align_top bt_bb_color_scheme_\"><div class=\"bt_bb_column_icon\"><span  data-ico-icon7stroke=\"&#xe662;\" class=\"bt_bb_icon_holder\"><\/span><\/div><div class=\"bt_bb_column_content_inner\"><header class=\"bt_bb_headline bt_bb_color_scheme_14 bt_bb_dash_none bt_bb_size_normal bt_bb_align_left\" style=\"; --primary-color:; --secondary-color:#B07C4B;\" data-bt-override-class=\"{&quot;bt_bb_align_&quot;:{&quot;current_class&quot;:&quot;bt_bb_align_left&quot;,&quot;def&quot;:&quot;left&quot;,&quot;xl&quot;:&quot;left&quot;}}\"><h3 class=\"bt_bb_headline_tag\"><span class=\"bt_bb_headline_content\"><span>Energ\u00eda<\/span><\/span><\/h3><\/header><div class=\"bt_bb_separator bt_bb_border_style_none bt_bb_bottom_spacing_normal\" data-bt-override-class=\"null\"><\/div><div  class=\"bt_bb_text\" style=\"text-align:left;\"><\/p>\n<p><span style=\"font-weight: 400;\">Los proyectos de energ\u00eda renovable y no renovable son asuntos complejos que requieren un equipo multidisciplinario para abordar de manera integral los impactos en los aspectos ambientales, regulatorios y antimonopolio del negocio. Como cliente nuestro, puede contar con Gufa Law para un asesoramiento oportuno en todas las etapas de su proyecto, y en relaci\u00f3n con toda la gama de actores del sector. Cubrimos una amplia gama de \u00e1reas que incluyen petr\u00f3leo y gas, energ\u00eda e\u00f3lica, solar e hidroel\u00e9ctrica.<\/span><\/p>\n<p><span style=\"font-weight: 400;\">Nuestros clientes de energ\u00eda reciben cobertura sincronizada y generalizada para sus necesidades, incluyendo construcci\u00f3n y proyectos, corporativos, competencia, regulatorios, contractuales, litigios \/ arbitrajes, resoluci\u00f3n de disputas y asuntos tributarios. Entendemos los factores sociales, geogr\u00e1ficos, comerciales y geopol\u00edticos que dan forma a la industria.<\/span><\/p>\n<p><strong>Principales \u00e1reas de trabajo:<\/strong><\/p>\n<ul>\n<li><span style=\"font-weight: 400;\"> Generaci\u00f3n de electricidad convencional y renovable<\/span><\/li>\n<li><span style=\"font-weight: 400;\"> Sector de servicios y provisi\u00f3n de energ\u00eda<\/span><\/li>\n<li><span style=\"font-weight: 400;\"> Infraestructura energ\u00e9tica, incluida la transmisi\u00f3n y distribuci\u00f3n de electricidad.<\/span><\/li>\n<li><span style=\"font-weight: 400;\"> Negociaci\u00f3n de acuerdos de compra de energ\u00eda (PPA) y acuerdos relacionados<\/span><\/li>\n<\/ul>\n<p>\n<\/div><div class=\"bt_bb_separator bt_bb_border_style_none bt_bb_bottom_spacing_extra_small\" data-bt-override-class=\"null\"><\/div><div class=\"bt_bb_button bt_bb_color_scheme_6 bt_bb_icon_color_scheme_10 bt_bb_style_filled bt_bb_size_large bt_bb_width_inline bt_bb_shape_square bt_bb_align_inherit btWithIcon bt_bb_hidden_xs bt_bb_hidden_ms bt_bb_hidden_sm bt_bb_hidden_md bt_bb_hidden_lg\" style=\"; --button-primary-color:#ffffff; --button-secondary-color:#B07C4B;; --button-icon-primary-color:#ffffff; --button-icon-secondary-color:;\" data-bt-override-class=\"{&quot;bt_bb_size_&quot;:{&quot;current_class&quot;:&quot;bt_bb_size_large&quot;,&quot;def&quot;:&quot;large&quot;,&quot;xl&quot;:&quot;large&quot;},&quot;bt_bb_align_&quot;:{&quot;current_class&quot;:&quot;bt_bb_align_inherit&quot;,&quot;def&quot;:&quot;inherit&quot;,&quot;xl&quot;:&quot;inherit&quot;}}\"><a href=\"#\" target=\"_self\" class=\"bt_bb_link\" title=\"1-800-643-4300\"><div class=\"bt_bb_icon\"><span  data-ico-icon7stroke=\"&#xe670;\" class=\"bt_bb_icon_holder\"><\/span><\/div><div class=\"bt_bb_link\"><span class=\"bt_bb_button_text\">1-800-643-4300<\/span><\/div><\/a><\/div><\/div><\/div><\/div><div  class=\"bt_bb_column col-xl-6 bt_bb_align_left bt_bb_color_scheme_10 bt_bb_padding_normal\" style=\"; --column-primary-color:#ffffff; --column-secondary-color:;\" data-width=\"6\" data-bt-override-class=\"{&quot;bt_bb_align_&quot;:{&quot;current_class&quot;:&quot;bt_bb_align_left&quot;,&quot;def&quot;:&quot;left&quot;,&quot;xl&quot;:&quot;left&quot;}}\"><div class=\"bt_bb_column_content bt_bb_vertical_align_top bt_bb_color_scheme_10 btLazyLoadBackground bt_bb_column_background_image lazyload\" style=\"background-image:inherit;\" data-background_image_src='https:\/\/gufalaw.com\/wp-content\/uploads\/2021\/09\/New-Project-1.png?wsr' data-bg-image=\"url(&#039;https:\/\/gufalaw.com\/wp-content\/plugins\/bold-page-builder\/img\/blank.gif&#039;)\"><div class=\"bt_bb_column_content_inner\"><div class=\"bt_bb_separator bt_bb_border_style_none bt_bb_bottom_spacing_35\" data-bt-override-class=\"null\"><\/div><\/div><\/div><\/div><\/div><\/div><\/div><!-- cell_inner --><\/div><!-- cell --><\/div><!-- port --><\/section><\/p>\n","protected":false},"excerpt":{"rendered":"","protected":false},"author":1,"featured_media":0,"parent":0,"menu_order":0,"comment_status":"closed","ping_status":"closed","template":"","meta":{"_joinchat":[],"footnotes":""},"class_list":["post-3879","page","type-page","status-publish","hentry"],"yoast_head":"<!-- This site is optimized with the Yoast SEO plugin v27.4 - https:\/\/yoast.com\/product\/yoast-seo-wordpress\/ -->\n<title>Energ\u00eda - Gufa Law<\/title>\n<meta name=\"robots\" content=\"index, follow, max-snippet:-1, max-image-preview:large, max-video-preview:-1\" \/>\n<link rel=\"canonical\" href=\"https:\/\/gufalaw.com\/en\/energy\/\" \/>\n<meta property=\"og:locale\" content=\"es_ES\" \/>\n<meta property=\"og:type\" content=\"article\" \/>\n<meta property=\"og:title\" content=\"Energ\u00eda - Gufa Law\" \/>\n<meta property=\"og:url\" content=\"https:\/\/gufalaw.com\/en\/energy\/\" \/>\n<meta property=\"og:site_name\" content=\"Gufa Law\" \/>\n<meta property=\"article:modified_time\" content=\"2021-12-03T08:26:21+00:00\" \/>\n<meta name=\"twitter:card\" content=\"summary_large_image\" \/>\n<meta name=\"twitter:label1\" content=\"Tiempo de lectura\" \/>\n\t<meta name=\"twitter:data1\" content=\"5 minutos\" \/>\n<script type=\"application\/ld+json\" class=\"yoast-schema-graph\">{\"@context\":\"https:\\\/\\\/schema.org\",\"@graph\":[{\"@type\":\"WebPage\",\"@id\":\"https:\\\/\\\/gufalaw.com\\\/en\\\/energy\\\/\",\"url\":\"https:\\\/\\\/gufalaw.com\\\/en\\\/energy\\\/\",\"name\":\"Energ\u00eda - Gufa Law\",\"isPartOf\":{\"@id\":\"https:\\\/\\\/gufalaw.com\\\/es\\\/#website\"},\"datePublished\":\"2021-07-12T17:48:25+00:00\",\"dateModified\":\"2021-12-03T08:26:21+00:00\",\"breadcrumb\":{\"@id\":\"https:\\\/\\\/gufalaw.com\\\/en\\\/energy\\\/#breadcrumb\"},\"inLanguage\":\"es\",\"potentialAction\":[{\"@type\":\"ReadAction\",\"target\":[\"https:\\\/\\\/gufalaw.com\\\/en\\\/energy\\\/\"]}]},{\"@type\":\"BreadcrumbList\",\"@id\":\"https:\\\/\\\/gufalaw.com\\\/en\\\/energy\\\/#breadcrumb\",\"itemListElement\":[{\"@type\":\"ListItem\",\"position\":1,\"name\":\"Home\",\"item\":\"https:\\\/\\\/gufalaw.com\\\/es\\\/\"},{\"@type\":\"ListItem\",\"position\":2,\"name\":\"Energ\u00eda\"}]},{\"@type\":\"WebSite\",\"@id\":\"https:\\\/\\\/gufalaw.com\\\/es\\\/#website\",\"url\":\"https:\\\/\\\/gufalaw.com\\\/es\\\/\",\"name\":\"Gufa Law\",\"description\":\"\",\"publisher\":{\"@id\":\"https:\\\/\\\/gufalaw.com\\\/es\\\/#organization\"},\"potentialAction\":[{\"@type\":\"SearchAction\",\"target\":{\"@type\":\"EntryPoint\",\"urlTemplate\":\"https:\\\/\\\/gufalaw.com\\\/es\\\/?s={search_term_string}\"},\"query-input\":{\"@type\":\"PropertyValueSpecification\",\"valueRequired\":true,\"valueName\":\"search_term_string\"}}],\"inLanguage\":\"es\"},{\"@type\":\"Organization\",\"@id\":\"https:\\\/\\\/gufalaw.com\\\/es\\\/#organization\",\"name\":\"Gufa Law\",\"url\":\"https:\\\/\\\/gufalaw.com\\\/es\\\/\",\"logo\":{\"@type\":\"ImageObject\",\"inLanguage\":\"es\",\"@id\":\"https:\\\/\\\/gufalaw.com\\\/es\\\/#\\\/schema\\\/logo\\\/image\\\/\",\"url\":\"https:\\\/\\\/gufalaw.com\\\/wp-content\\\/uploads\\\/2023\\\/09\\\/2309_LOGO-e1742231965233.png\",\"contentUrl\":\"https:\\\/\\\/gufalaw.com\\\/wp-content\\\/uploads\\\/2023\\\/09\\\/2309_LOGO-e1742231965233.png\",\"width\":653,\"height\":238,\"caption\":\"Gufa Law\"},\"image\":{\"@id\":\"https:\\\/\\\/gufalaw.com\\\/es\\\/#\\\/schema\\\/logo\\\/image\\\/\"}}]}<\/script>\n<!-- \/ Yoast SEO plugin. -->","yoast_head_json":{"title":"Energ\u00eda - Gufa Law","robots":{"index":"index","follow":"follow","max-snippet":"max-snippet:-1","max-image-preview":"max-image-preview:large","max-video-preview":"max-video-preview:-1"},"canonical":"https:\/\/gufalaw.com\/en\/energy\/","og_locale":"es_ES","og_type":"article","og_title":"Energ\u00eda - Gufa Law","og_url":"https:\/\/gufalaw.com\/en\/energy\/","og_site_name":"Gufa Law","article_modified_time":"2021-12-03T08:26:21+00:00","twitter_card":"summary_large_image","twitter_misc":{"Tiempo de lectura":"5 minutos"},"schema":{"@context":"https:\/\/schema.org","@graph":[{"@type":"WebPage","@id":"https:\/\/gufalaw.com\/en\/energy\/","url":"https:\/\/gufalaw.com\/en\/energy\/","name":"Energ\u00eda - Gufa Law","isPartOf":{"@id":"https:\/\/gufalaw.com\/es\/#website"},"datePublished":"2021-07-12T17:48:25+00:00","dateModified":"2021-12-03T08:26:21+00:00","breadcrumb":{"@id":"https:\/\/gufalaw.com\/en\/energy\/#breadcrumb"},"inLanguage":"es","potentialAction":[{"@type":"ReadAction","target":["https:\/\/gufalaw.com\/en\/energy\/"]}]},{"@type":"BreadcrumbList","@id":"https:\/\/gufalaw.com\/en\/energy\/#breadcrumb","itemListElement":[{"@type":"ListItem","position":1,"name":"Home","item":"https:\/\/gufalaw.com\/es\/"},{"@type":"ListItem","position":2,"name":"Energ\u00eda"}]},{"@type":"WebSite","@id":"https:\/\/gufalaw.com\/es\/#website","url":"https:\/\/gufalaw.com\/es\/","name":"Gufa Law","description":"","publisher":{"@id":"https:\/\/gufalaw.com\/es\/#organization"},"potentialAction":[{"@type":"SearchAction","target":{"@type":"EntryPoint","urlTemplate":"https:\/\/gufalaw.com\/es\/?s={search_term_string}"},"query-input":{"@type":"PropertyValueSpecification","valueRequired":true,"valueName":"search_term_string"}}],"inLanguage":"es"},{"@type":"Organization","@id":"https:\/\/gufalaw.com\/es\/#organization","name":"Gufa Law","url":"https:\/\/gufalaw.com\/es\/","logo":{"@type":"ImageObject","inLanguage":"es","@id":"https:\/\/gufalaw.com\/es\/#\/schema\/logo\/image\/","url":"https:\/\/gufalaw.com\/wp-content\/uploads\/2023\/09\/2309_LOGO-e1742231965233.png","contentUrl":"https:\/\/gufalaw.com\/wp-content\/uploads\/2023\/09\/2309_LOGO-e1742231965233.png","width":653,"height":238,"caption":"Gufa Law"},"image":{"@id":"https:\/\/gufalaw.com\/es\/#\/schema\/logo\/image\/"}}]}},"_links":{"self":[{"href":"https:\/\/gufalaw.com\/es\/wp-json\/wp\/v2\/pages\/3879","targetHints":{"allow":["GET"]}}],"collection":[{"href":"https:\/\/gufalaw.com\/es\/wp-json\/wp\/v2\/pages"}],"about":[{"href":"https:\/\/gufalaw.com\/es\/wp-json\/wp\/v2\/types\/page"}],"author":[{"embeddable":true,"href":"https:\/\/gufalaw.com\/es\/wp-json\/wp\/v2\/users\/1"}],"replies":[{"embeddable":true,"href":"https:\/\/gufalaw.com\/es\/wp-json\/wp\/v2\/comments?post=3879"}],"version-history":[{"count":10,"href":"https:\/\/gufalaw.com\/es\/wp-json\/wp\/v2\/pages\/3879\/revisions"}],"predecessor-version":[{"id":5019,"href":"https:\/\/gufalaw.com\/es\/wp-json\/wp\/v2\/pages\/3879\/revisions\/5019"}],"wp:attachment":[{"href":"https:\/\/gufalaw.com\/es\/wp-json\/wp\/v2\/media?parent=3879"}],"curies":[{"name":"wp","href":"https:\/\/api.w.org\/{rel}","templated":true}]}}